{"id":837,"date":"2018-11-28T12:51:58","date_gmt":"2018-11-28T15:51:58","guid":{"rendered":"https:\/\/urbas.ca\/?page_id=837"},"modified":"2022-05-20T08:25:04","modified_gmt":"2022-05-20T11:25:04","slug":"lectures","status":"publish","type":"page","link":"https:\/\/urbas.ca\/?page_id=837","title":{"rendered":"Lectures"},"content":{"rendered":"<p>Panelist, \u201cADR Mediation &amp; Arbitration Clauses\u201d, 2021 CAN-TECH Spring Series, 2021<\/p>\n<p>Speaker, \u201cLes audiences virtuelles en arbitrage : les meilleures pratiques test\u00e9es et approuv\u00e9es par les praticiens\u201d, Institut de m\u00e9diations et d\u2019arbitrage du Qu\u00e9bec, 2021<\/p>\n<p>Panelist, &#8220;Arbitration from Nose to Tail &#8211; Mini-Course&#8221;, Vancouver International Arbitration Centre, webinar, 2021<\/p>\n<p>Panelist, &#8220;Legal Case Update&#8221;, 14th Western Canada Commercial Arbitration Society annual conference, webinar, 2021<\/p>\n<p>Panelist, &#8220;Successfully Utilizing Digital Platforms for Motions, Case Conferences, Mediations, Arbitrations &amp; Judicial Pre-Trials&#8221;, Canadian Bar Association, webinar, 2021<\/p>\n<p>Speaker, \u201cArbitration and Mediation of IP and IT Disputes\u201d, Barreau du Qu\u00e9bec\u2019s November 13, 2020 conference \u201cLes d\u00e9veloppements r\u00e9cents en propri\u00e9t\u00e9 intellectuelle et en droit du divertissement 2020\u201d<\/p>\n<p>Panelist, \u201cThe Arbitration Award: Getting it Written, Getting it Right\u201d, ADR Institute of Canada\u2019s 2020 Clarity in Conflict Resolution Webinar Series, webinar, 2020<\/p>\n<p>Panelist, \u201cDoing it Right: Ethics for Domestic Commercial Arbitration\u201d, Chartered Institute of Arbitrators\u2019 Canada Branch 8<sup>th<\/sup> Annual Symposium on Commercial Arbitration, webinar, 2020<\/p>\n<p>Panelist, \u201cManaging Risk and Dispute in the \u201cNew Normal\u201d, CPR International Institute for Conflict Prevention &amp; Resolution\u2019s 2020 CPR Canada Conference on Business Dispute Management, webinar, 2020<\/p>\n<p>Instructor, \u201cAccelerated Rout to Fellowship (International Arbitration) Assessment\u201d, Chartered Institute of Arbitrators\u2019 Canada Branch\/North America Branch\/New York Branch, videoconference, 2020<\/p>\n<p>Panelist, &#8220;2020 Canadian Case Law Update&#8221;, AAA&#8217;s International Dispute Resolution Centre and Western Canada Commercial Arbitration Society, webinar, 2020<\/p>\n<p>Speaker, \u201cTopics and trends in arbitrating international disputes and enforcing awards above the 49th parallel\u201d ATLAS \u2013 Atlanta International Arbitration Society, webinar, 2020<\/p>\n<p>Guest Lecturer, \u201cArbitration Practice\u201d Universit\u00e9 de Montr\u00e9al, Montr\u00e9al, 2020<\/p>\n<p>Panelist, \u201cArbitrator Technology and Case Management Practises\u201d, International Centre for Dispute Resolution, webinar, 2019<\/p>\n<p>Speaker, &#8220;China and Alternative Dispute Resolution: Emerging Developments&#8221;, McGill University, Faculty of Law and Inter-Pacific Bar Association, Montr\u00e9al, 2019<\/p>\n<p>Instructor, &#8220;Accelerated Route to Fellowship,&#8221; Chartered Institute of Arbitrators, Toronto, 2019<\/p>\n<p>Guest Instructor, &#8220;Introductory session&#8221;, Toronto Commercial Arbitration Society &#8220;Gold Standard Course in Arbitration&#8221;, Toronto, 2019<\/p>\n<p>Guest Lecturer, Osgoode Hall Law School, International Commercial Arbitration for International Business, &#8220;The Role of National Courts&#8221;, Toronto, 2019<\/p>\n<p>Instructor, &#8220;Accelerated Route to Fellowship,&#8221; Chartered Institute of Arbitrators, Houston, TX, 2019<\/p>\n<p>Guest Instructor, &#8220;Arbitration Ethics&#8221;, Toronto Commercial Arbitration Society &#8220;Gold Standard Course in Arbitration&#8221;, Toronto, 2018<\/p>\n<p>Speaker, &#8220;Proposed Amendments to ICSID Arbitration Rules&#8221;, New York State Bar Association, International Section, Seasonal Meeting, Montr\u00e9al, 2018<\/p>\n<p>Instructor, &#8220;International Centre for Dispute Resolution Arbitrator Symposia&#8221;, ICDR, Montr\u00e9al, 2018<\/p>\n<p>Course Director, Instructor, &#8220;Accelerated Route to Fellowship,&#8221; Chartered Institute of Arbitrators, Toronto, 2018<\/p>\n<p>Instructor, &#8220;Accelerated Route to Fellowship,&#8221; Chartered Institute of Arbitrators, Washington DC, 2018<\/p>\n<p>Speaker, &#8220;Breaking the Logjam Between Experts and Judges&#8221;, 3rd Annual Expert Witness Forum East, Canadian Institute, Toronto, 2018<\/p>\n<p>Speaker, &#8220;8 Best Practices When Presenting a Case to an Arbitration Tribunal&#8221;, McGill Journal of Dispute Resolution, McGill University, Montr\u00e9al, 2018<\/p>\n<p>Instructor, &#8220;Accelerated Route to Fellowship,&#8221; Chartered Institute of Arbitrators, Vancouver, 2017<\/p>\n<p>Speaker, &#8220;Resolving International and Domestic Commercial Arbitration Disputes in Canada&#8221;, International Centre for Dispute Resolution, Toronto, 2017<\/p>\n<p>Speaker, &#8220;International Commercial Arbitration: Is it Cheaper and Better?&#8221;, Montreal and Philadelphia bar associations&#8217; joint presentations, Montr\u00e9al and Philadelphia, 2017<\/p>\n<p>Speaker, &#8220;Trading with the Dragon : Legal Issues Regarding International Trade with China,&#8221; Canadian Bar Association, Montr\u00e9al, 2017<\/p>\n<p>Instructor, &#8220;Accelerated Route to Fellowship,&#8221; Chartered Institute of Arbitrators, Boston, 2016<\/p>\n<p>Instructor, &#8220;Accelerated Route to Fellowship,&#8221; Chartered Institute of Arbitrators, Chicago, 2016<\/p>\n<p>Speaker, &#8220;Introduction to International Arbitration,&#8221; Chartered Institute of Arbitrators \u2013 North American Branch, McGill University, Montr\u00e9al, 2016<\/p>\n<p>Speaker, &#8220;Canadian Mining Law,&#8221; Beijing Mining Exchange, Beijing, 2015<\/p>\n<p>Speaker, &#8220;Cross-Examination Techniques in International Commercial Arbitration,&#8221; Shanghai and Beijing, 2014<\/p>\n<p>Speaker, &#8220;Canadian Arbitration Law and Practice,&#8221; China University of Political Science and Law, Beijing, 2013<\/p>\n<p>Guest Lecturer, McGill University, &#8220;Arbitration and the Courts,&#8221; The Canadian Judicial Process, 2012<\/p>\n<p>Speaker, &#8220;The state of E-discovery in Qu\u00e9bec,&#8221; Legal IT, 2010<\/p>\n<p>Speaker, &#8220;IT and IP: Mediation and Arbitration,&#8221; Full Spectrum ADR \u2013 From Local Workplace to International Marketplace, ADR Institute of Canada Inc and Public Service of Canada, 2009<\/p>\n<p>Speaker, &#8220;Strategic Considerations in IP Litigation in Canada and the United States,&#8221; Advanced Conference on Intellectual Property Protection, The Canadian Institute, 2008<\/p>\n<p>Speaker, &#8220;Strategies in Resolving Technology Industry Disputes in North America,&#8221; International Centre for Dispute Resolution, 2007<\/p>","protected":false},"excerpt":{"rendered":"<p>Panelist, \u201cADR Mediation &amp; Arbitration Clauses\u201d, 2021 CAN-TECH Spring Series, 2021 Speaker, \u201cLes audiences virtuelles en arbitrage : les meilleures pratiques test\u00e9es et approuv\u00e9es par les praticiens\u201d, Institut de m\u00e9diations et d\u2019arbitrage du Qu\u00e9bec, 2021 Panelist, &#8220;Arbitration from Nose to Tail &#8211; Mini-Course&#8221;, Vancouver International Arbitration Centre, webinar, 2021 Panelist, &#8220;Legal Case Update&#8221;, 14th Western &hellip; <\/p>\n<p class=\"link-more\"><a href=\"https:\/\/urbas.ca\/?page_id=837\" class=\"more-link\">Continue reading<span class=\"screen-reader-text\"> &#8220;Lectures&#8221;<\/span><\/a><\/p>\n","protected":false},"author":1,"featured_media":0,"parent":0,"menu_order":5,"comment_status":"closed","ping_status":"closed","template":"","meta":{"footnotes":""},"_links":{"self":[{"href":"https:\/\/urbas.ca\/index.php?rest_route=\/wp\/v2\/pages\/837"}],"collection":[{"href":"https:\/\/urbas.ca\/index.php?rest_route=\/wp\/v2\/pages"}],"about":[{"href":"https:\/\/urbas.ca\/index.php?rest_route=\/wp\/v2\/types\/page"}],"author":[{"embeddable":true,"href":"https:\/\/urbas.ca\/index.php?rest_route=\/wp\/v2\/users\/1"}],"replies":[{"embeddable":true,"href":"https:\/\/urbas.ca\/index.php?rest_route=%2Fwp%2Fv2%2Fcomments&post=837"}],"version-history":[{"count":57,"href":"https:\/\/urbas.ca\/index.php?rest_route=\/wp\/v2\/pages\/837\/revisions"}],"predecessor-version":[{"id":3702,"href":"https:\/\/urbas.ca\/index.php?rest_route=\/wp\/v2\/pages\/837\/revisions\/3702"}],"wp:attachment":[{"href":"https:\/\/urbas.ca\/index.php?rest_route=%2Fwp%2Fv2%2Fmedia&parent=837"}],"curies":[{"name":"wp","href":"https:\/\/api.w.org\/{rel}","templated":true}]}}