{"id":37,"date":"2017-06-25T16:41:09","date_gmt":"2017-06-25T19:41:09","guid":{"rendered":"https:\/\/urbas.ca\/?page_id=37"},"modified":"2022-05-20T08:43:42","modified_gmt":"2022-05-20T11:43:42","slug":"publications-and-presentations","status":"publish","type":"page","link":"https:\/\/urbas.ca\/?page_id=37","title":{"rendered":"Papers"},"content":{"rendered":"<p>Regular notes (500+) added to <a href=\"https:\/\/urbas.ca\/\">ArbitrationMatters\u00a0<\/a>2017-2021 (between 1200 to 2800 word length)<\/p>\n<p>Author, January 8, 2021 <a href=\"https:\/\/urbas.ca\/wp-content\/uploads\/2021\/01\/Urbas-Arbitral-2020-Canadian-Arbitration-Year-in-Review-January-8-2021-Daniel-Urbas-1.pdf\">Urbas Arbitral 2020 Canadian Arbitration Year in Review &#8211; January 8, 2021 &#8211; Daniel Urbas<\/a><\/p>\n<p>Co-author, Julie G. Hopkins and Daniel Urbas, November 27, 2020, \u201c<a href=\"https:\/\/urbas.ca\/wp-content\/uploads\/2020\/11\/Virtual-Practice-Makes-Virtually-Perfect-\u2013-Julie-G.-Hopkins-and-Daniel-Urbas-November-27-2020-2.pdf\">Virtual Practice Makes Virtually Perfect \u2013 Julie G. Hopkins and Daniel Urbas<\/a>\u201d<\/p>\n<p>Author, \u201c<a href=\"https:\/\/urbas.ca\/wp-content\/uploads\/2020\/12\/Arbitration-and-Mediation-of-IT-and-IP-Disputes-Daniel-Urbas-September-29-2020.pdf\">Arbitration and Mediation of IT and IP Disputes &#8211; Daniel Urbas &#8211; September 29, 2020<\/a>\u201d, paper presented at Barreau du Qu\u00e9bec\u2019s November 13, 2020 conference \u201cLes d\u00e9veloppements r\u00e9cents en propri\u00e9t\u00e9 intellectuelle et en droit du divertissement 2020\u201d<\/p>\n<p>Contributor, Civil Litigation &#8211; Analysis, <a href=\"https:\/\/www.thelawyersdaily.ca\/analysis\">The Lawyer&#8217;s Daily<\/a>, LexisNexis, 2017-2021<\/p>\n<p>Author, &#8220;Old Ways Won\u2019t Open New Doors &#8211; Approaching Interventions from an Access to Justice Point of View,&#8221; Annual Review of Civil Litigation, Carswell, 2016<\/p>\n<p>Author, &#8220;International Arbitration 2013 \u2014 Canada Chapter,&#8221; The International Comparative Legal Guide, 10th edition, July 2013 (with Robert Deane)<\/p>\n<p>Author, &#8220;Posting Security as a Condition of Obtaining an Interim or Conservatory Measure,&#8221; Corporate LiveWire, 2012<\/p>\n<p>Author, &#8220;Case note: Court decision implies franchisors may have inherent obligation to protect and enhance brand,&#8221; World Trademark Review Daily, 2012<\/p>\n<p>Author, &#8220;Canada,&#8221; International Comparative Legal Guide to International Arbitration, Global Legal Group, 2011 and 2012<\/p>\n<p>Author, &#8220;Proportionality, Flexibility and Cooperation: Litigation&#8217;s Support of Arbitration Keeps Getting Better,&#8221; Annual Review of Civil Litigation, Carswell, 2010<\/p>\n<p>Author, &#8220;Why Arbitration Works,&#8221; The Gazette, 2010<\/p>\n<p>Author, &#8220;Report: Selection of Outside Litigation Counsel, from Both Sides of the Conference Room Table,&#8221; Litigation Newsletter, International Bar Association, 2010<\/p>\n<p>Author, &#8220;Arbitration vs. Court Litigation,&#8221; The Gazette, 2010<\/p>\n<p>Author, &#8220;Report: Sovereign Immunity in International Litigation and Arbitration,&#8221; Arbitration Newsletter, International Bar Association, 2010<\/p>\n<p>Author, &#8220;Arbitrator Faults Sport Federation for Failure to Actively Defend Sport Arbitration Process,&#8221; Arbitration Newsletter, International Bar Association, 2008<\/p>\n<p>Author, &#8220;Report: Investment Treaty Arbitration,&#8221; Arbitration Newsletter, International Bar Association, 2007<\/p>\n<p>Author, &#8220;Product Recall \u2013 International Sales, Franchising and Product Liability Law Perspectives in the United States, Canada, Europe, Singapore and China,&#8221; International Journal of Franchising Law, Claerhout, 2007 (with John R.F. Baer, Veronica Chen, Andrew P. Loewinger, S\u00f6nke Lund &amp; Woon C. Yew)<\/p>\n<p>Author, &#8220;Spoliation and Electronic Documents: Putting the Spark back into Discovery,&#8221; Annual Review of Civil Litigation, Carswell, 2007<\/p>","protected":false},"excerpt":{"rendered":"<p>Regular notes (500+) added to ArbitrationMatters\u00a02017-2021 (between 1200 to 2800 word length) Author, January 8, 2021 Urbas Arbitral 2020 Canadian Arbitration Year in Review &#8211; January 8, 2021 &#8211; Daniel Urbas Co-author, Julie G. Hopkins and Daniel Urbas, November 27, 2020, \u201cVirtual Practice Makes Virtually Perfect \u2013 Julie G. Hopkins and Daniel Urbas\u201d Author, \u201cArbitration &hellip; <\/p>\n<p class=\"link-more\"><a href=\"https:\/\/urbas.ca\/?page_id=37\" class=\"more-link\">Continue reading<span class=\"screen-reader-text\"> &#8220;Papers&#8221;<\/span><\/a><\/p>\n","protected":false},"author":1,"featured_media":0,"parent":0,"menu_order":6,"comment_status":"closed","ping_status":"closed","template":"","meta":{"footnotes":""},"_links":{"self":[{"href":"https:\/\/urbas.ca\/index.php?rest_route=\/wp\/v2\/pages\/37"}],"collection":[{"href":"https:\/\/urbas.ca\/index.php?rest_route=\/wp\/v2\/pages"}],"about":[{"href":"https:\/\/urbas.ca\/index.php?rest_route=\/wp\/v2\/types\/page"}],"author":[{"embeddable":true,"href":"https:\/\/urbas.ca\/index.php?rest_route=\/wp\/v2\/users\/1"}],"replies":[{"embeddable":true,"href":"https:\/\/urbas.ca\/index.php?rest_route=%2Fwp%2Fv2%2Fcomments&post=37"}],"version-history":[{"count":128,"href":"https:\/\/urbas.ca\/index.php?rest_route=\/wp\/v2\/pages\/37\/revisions"}],"predecessor-version":[{"id":3762,"href":"https:\/\/urbas.ca\/index.php?rest_route=\/wp\/v2\/pages\/37\/revisions\/3762"}],"wp:attachment":[{"href":"https:\/\/urbas.ca\/index.php?rest_route=%2Fwp%2Fv2%2Fmedia&parent=37"}],"curies":[{"name":"wp","href":"https:\/\/api.w.org\/{rel}","templated":true}]}}